{"id":1439,"date":"2013-08-28T13:51:23","date_gmt":"2013-08-28T11:51:23","guid":{"rendered":"http:\/\/lufomuseum.fenomen.de\/?page_id=1439"},"modified":"2021-11-09T12:50:49","modified_gmt":"2021-11-09T11:50:49","slug":"art-prize-aachen","status":"publish","type":"page","link":"https:\/\/ludwigforum.de\/en\/museum\/art-prize-aachen\/","title":{"rendered":"Art Prize Aachen"},"content":{"rendered":"\t\t<div data-elementor-type=\"wp-page\" data-elementor-id=\"1439\" class=\"elementor elementor-1439\" data-elementor-post-type=\"page\">\n\t\t\t\t\t\t<section class=\"elementor-section elementor-top-section elementor-element elementor-element-9c172dc elementor-section-boxed elementor-section-height-default elementor-section-height-default\" data-id=\"9c172dc\" data-element_type=\"section\" data-e-type=\"section\">\n\t\t\t\t\t\t<div class=\"elementor-container elementor-column-gap-default\">\n\t\t\t\t\t<div class=\"elementor-column elementor-col-100 elementor-top-column elementor-element elementor-element-47db10e\" data-id=\"47db10e\" data-element_type=\"column\" data-e-type=\"column\">\n\t\t\t<div class=\"elementor-widget-wrap elementor-element-populated\">\n\t\t\t\t\t\t<div class=\"elementor-element elementor-element-4b168d2 elementor-widget elementor-widget-heading\" data-id=\"4b168d2\" data-element_type=\"widget\" data-e-type=\"widget\" data-widget_type=\"heading.default\">\n\t\t\t\t<div class=\"elementor-widget-container\">\n\t\t\t\t\t<h2 class=\"elementor-heading-title elementor-size-default\">Art Prize Aachen<\/h2>\t\t\t\t<\/div>\n\t\t\t\t<\/div>\n\t\t\t\t\t<\/div>\n\t\t<\/div>\n\t\t\t\t\t<\/div>\n\t\t<\/section>\n\t\t\t\t<section class=\"elementor-section elementor-top-section elementor-element elementor-element-d320959 elementor-section-boxed elementor-section-height-default elementor-section-height-default\" data-id=\"d320959\" data-element_type=\"section\" data-e-type=\"section\">\n\t\t\t\t\t\t<div class=\"elementor-container elementor-column-gap-default\">\n\t\t\t\t\t<div class=\"elementor-column elementor-col-100 elementor-top-column elementor-element elementor-element-8e139b3\" data-id=\"8e139b3\" data-element_type=\"column\" data-e-type=\"column\">\n\t\t\t<div class=\"elementor-widget-wrap elementor-element-populated\">\n\t\t\t\t\t\t<div class=\"elementor-element elementor-element-94c2f28 elementor-widget elementor-widget-heading\" data-id=\"94c2f28\" data-element_type=\"widget\" data-e-type=\"widget\" data-widget_type=\"heading.default\">\n\t\t\t\t<div class=\"elementor-widget-container\">\n\t\t\t\t\t<h2 class=\"elementor-heading-title elementor-size-default\">1983 until today<\/h2>\t\t\t\t<\/div>\n\t\t\t\t<\/div>\n\t\t\t\t\t<\/div>\n\t\t<\/div>\n\t\t\t\t\t<\/div>\n\t\t<\/section>\n\t\t\t\t<section class=\"elementor-section elementor-top-section elementor-element elementor-element-a8be116 elementor-section-boxed elementor-section-height-default elementor-section-height-default\" data-id=\"a8be116\" data-element_type=\"section\" data-e-type=\"section\">\n\t\t\t\t\t\t<div class=\"elementor-container elementor-column-gap-default\">\n\t\t\t\t\t<div class=\"elementor-column elementor-col-100 elementor-top-column elementor-element elementor-element-281891b\" data-id=\"281891b\" data-element_type=\"column\" data-e-type=\"column\">\n\t\t\t<div class=\"elementor-widget-wrap elementor-element-populated\">\n\t\t\t\t\t\t<div class=\"elementor-element elementor-element-16e0e98 elementor-widget elementor-widget-text-editor\" data-id=\"16e0e98\" data-element_type=\"widget\" data-e-type=\"widget\" data-widget_type=\"text-editor.default\">\n\t\t\t\t<div class=\"elementor-widget-container\">\n\t\t\t\t\t\t\t\t\t<p>The Art Award Aachen is sponsored by the Association of Friends of the <em>Ludwig Forum<\/em>, the City of Aachen and the Aachen business community. It is awarded every two years by an international jury to prominent artists to whom the international art scene owes significant impulses. The prize is endowed with \u20ac 10,000.<\/p>\t\t\t\t\t\t\t\t<\/div>\n\t\t\t\t<\/div>\n\t\t\t\t\t<\/div>\n\t\t<\/div>\n\t\t\t\t\t<\/div>\n\t\t<\/section>\n\t\t\t\t<section class=\"elementor-section elementor-top-section elementor-element elementor-element-23aa139 elementor-section-boxed elementor-section-height-default elementor-section-height-default\" data-id=\"23aa139\" data-element_type=\"section\" data-e-type=\"section\">\n\t\t\t\t\t\t<div class=\"elementor-container elementor-column-gap-default\">\n\t\t\t\t\t<div class=\"elementor-column elementor-col-100 elementor-top-column elementor-element elementor-element-b3e13d8\" data-id=\"b3e13d8\" data-element_type=\"column\" data-e-type=\"column\">\n\t\t\t<div class=\"elementor-widget-wrap elementor-element-populated\">\n\t\t\t\t\t\t<div class=\"elementor-element elementor-element-5f6eadb elementor-widget elementor-widget-heading\" data-id=\"5f6eadb\" data-element_type=\"widget\" data-e-type=\"widget\" data-widget_type=\"heading.default\">\n\t\t\t\t<div class=\"elementor-widget-container\">\n\t\t\t\t\t<h2 class=\"elementor-heading-title elementor-size-default\">Art Prize Aachen 2018: Walid Raad<\/h2>\t\t\t\t<\/div>\n\t\t\t\t<\/div>\n\t\t\t\t\t<\/div>\n\t\t<\/div>\n\t\t\t\t\t<\/div>\n\t\t<\/section>\n\t\t\t\t<section class=\"elementor-section elementor-top-section elementor-element elementor-element-3b2fbf0 elementor-section-boxed elementor-section-height-default elementor-section-height-default\" data-id=\"3b2fbf0\" data-element_type=\"section\" data-e-type=\"section\">\n\t\t\t\t\t\t<div class=\"elementor-container elementor-column-gap-default\">\n\t\t\t\t\t<div class=\"elementor-column elementor-col-100 elementor-top-column elementor-element elementor-element-0871cff\" data-id=\"0871cff\" data-element_type=\"column\" data-e-type=\"column\">\n\t\t\t<div class=\"elementor-widget-wrap elementor-element-populated\">\n\t\t\t\t\t\t<div class=\"elementor-element elementor-element-87ceff6 elementor-widget elementor-widget-text-editor\" data-id=\"87ceff6\" data-element_type=\"widget\" data-e-type=\"widget\" data-widget_type=\"text-editor.default\">\n\t\t\t\t<div class=\"elementor-widget-container\">\n\t\t\t\t\t\t\t\t\t<p>Walid Raad, born in 1967 in Chbanieh, Lebanon, is one of the leading artists of his generation. As a participant in <em>documenta 11<\/em> and <em>13<\/em> as well as numerous other exhibitions, including in Zurich, Paris, London, Naples and Berlin, he has also become known to a wider audience in Europe in recent years. After numerous international awards, he has now been unanimously awarded the Aachen Art Prize 2018 by the jury. Walid Raad currently lives and works in New York. In his multi-layered and medially wide-ranging oeuvre of photographs, videos, installations, sculptures, and performances, Walid Raad explores various themes: history and historicity, individual and collective memory, the effects of violence on the mind, body, tradition, and art, facticity and its mediation, photography, and the question of the document. Walid Raad&#8217;s oeuvre consists essentially of three major bodies of work: <em>The Atlas Group<\/em> (1989-2004), <em>Scratching on things I could disavow<\/em> (2007-present), and <em>Sweet Talk: Commissions<\/em> (1987-present).<\/p><p><em>The Atlas Group<\/em> consists of an artistic archive of notebooks, films, videos, and photographs that focus on the events surrounding the wars in his native Lebanon, which Raad left in 1983. Raad has created a series of documents that explore the possibilities, as well as the limitations, of writing, documenting, and remembering the history of events of extreme violence. His archive includes both imagined and historical people, situations, and artifacts.<\/p><p><em>Scratching on things I could disavow<\/em> consists of a series of sculptures, photographs, installations, videos, and performances dedicated to the emergence of new histories, economies, institutions, and collections around &#8220;Arab art.&#8221; Raad takes as his starting point the emergence of major new museums in Abu Dhabi, Doha, Beirut, and elsewhere in the Middle East to explore how artworks have been affected materially, as well as immaterially, by the wars that have ravaged the region in recent decades.<\/p><p><em>Sweet Talk: Assignments<\/em>, was Raad&#8217;s longest art project. It consists of thousands of photographs that Raad has produced in Beirut since 1987. Following other extensive documentaries such as Walker Evans in the U.S., Bernd and Hilla Becher in Germany, and Jean Eug\u00e8ne Auguste Atget in Paris, Raad&#8217;s work follows Beirut&#8217;s ever-changing landscape during the hot and cold wars.<\/p><p>The artistic roots of Walid Raad&#8217;s art projects are linked to Western conceptual art and post-conceptual practices such as those of Hannah H\u00f6ch, Hans Haacke, Sherrie Levine, Joseph Beuys and others. His performance works play an important role in the emergence of the lecture-performance genre.<\/p><p>The jury&#8217;s statement:<br \/>&#8220;In Walid Raad, the jury honors an artist whose practice stands for a significant expansion of the canon of art beyond Europe and the United States. The artist&#8217;s multi-year project entitled <em>The Atlas Group<\/em> not only directed attention to the tangled history of the Middle East, but also posed important questions about the relationship between fact and fiction in historical narratives. Walid Raad&#8217;s works are equally convincing due to their aesthetic precision and their high density of conceptual references, which is why the jury has found in him an excellent personality for this year&#8217;s Aachen Art Award.&#8221;<\/p><p>Jury of the Art Award Aachen 2018: Dr. Andreas Beitin, Director <em>Ludwig Forum Aachen<\/em>; Ernst H\u00f6hler, Verein der Freunde des Ludwig Forums e.V.; Johan Holten, Director Staatliche Kunsthalle Baden-Baden; Christiane Mennicke-Schwarz, Director Kunsthaus Dresden; Susanne Titz, Director St\u00e4dtisches Museum Abteiberg M\u00f6nchengladbach.<\/p>\t\t\t\t\t\t\t\t<\/div>\n\t\t\t\t<\/div>\n\t\t\t\t\t<\/div>\n\t\t<\/div>\n\t\t\t\t\t<\/div>\n\t\t<\/section>\n\t\t\t\t<section class=\"elementor-section elementor-top-section elementor-element elementor-element-7d342e31 elementor-section-boxed elementor-section-height-default elementor-section-height-default\" data-id=\"7d342e31\" data-element_type=\"section\" data-e-type=\"section\">\n\t\t\t\t\t\t<div class=\"elementor-container elementor-column-gap-default\">\n\t\t\t\t\t<div class=\"elementor-column elementor-col-100 elementor-top-column elementor-element elementor-element-149c303\" data-id=\"149c303\" data-element_type=\"column\" data-e-type=\"column\">\n\t\t\t<div class=\"elementor-widget-wrap elementor-element-populated\">\n\t\t\t\t\t\t<div class=\"elementor-element elementor-element-4e6781b elementor-widget elementor-widget-text-editor\" data-id=\"4e6781b\" data-element_type=\"widget\" data-e-type=\"widget\" data-widget_type=\"text-editor.default\">\n\t\t\t\t<div class=\"elementor-widget-container\">\n\t\t\t\t\t\t\t\t\t<h3>Privious Winners<\/h3>\t\t\t\t\t\t\t\t<\/div>\n\t\t\t\t<\/div>\n\t\t\t\t<div class=\"elementor-element elementor-element-3587355f elementor-widget elementor-widget-text-editor\" data-id=\"3587355f\" data-element_type=\"widget\" data-e-type=\"widget\" data-widget_type=\"text-editor.default\">\n\t\t\t\t<div class=\"elementor-widget-container\">\n\t\t\t\t\t\t\t\t\t<p><strong>Franz Erhard Walther (2016)<\/strong><\/p><p>Jury: Prof. Dr. Pia M\u00fcller-Tamm (Staatliche Kunsthalle Karlsruhe), Dr. Thomas K\u00f6hler (Berlinischen Galerie), Rein Wolfs (Bundeskunsthalle, Bonn), Dr. Andreas Beitin (Ludwig Forum Aachen), Ernst H\u00f6hler (Verein der Freunde des Ludwig Forums e.V.).<\/p><p><b>Paulina Olowska (2014)<\/b><\/p><p>Jury: Dr. Ulrike Groos (Kunstmuseum Stuttgart), Sabine Breitwieser (Museum der Moderne, Salzburg), Dr. Brigitte Franzen (Ludwig Forum, Aachen), Ernst H\u00f6hler\u00a0(<i>Friends of the Ludwig Forum<\/i>)<\/p><p><b>Phyllida Barlow (2012)<br \/><\/b>Jury: Marion Ackermann (Kunstsammlung NRW (<i>Art Collection NRW<\/i>), D\u00fcsseldorf), Chris Dercon (Tate Modern, London), Brigitte Franzen (Ludwig Forum, Aachen), Ernst H\u00f6hler (Verein der Freunde des Ludwig Forum (<i>Friends of the Ludwig Forum<\/i>)) and Dirk Snauwaert (Wiels Centrum voor Hedendaagse Kunst, Brussels)<\/p><p><strong>Pawel Althamer (2010)<br \/><\/strong>Jury: Joachim Plum (Kuratorium \u00a0(<i>Board of Trustees<\/i>) Kunstpreis Aachen), Ulrich Wilmes (Haus der Kunst, Munich), Rein Wolfs (Kunsthalle Fridericianum, Kassel), Markus Heinzelmann (Museum Morsbroich, Leverkusen), Brigitte Franzen (Ludwig Forum, Aachen)<\/p><p><strong>Aernout Mik (2008)<br \/><\/strong>Jury: Stephan Berg (Kunstmuseum Bonn), Wim van Krimpen (Gemeentemuseum Den Haag), Sir Norman Rosenthal (Royal Academy of Arts, London), Harald Kunde (Ludwig Forum, Aachen)<\/p><p><strong>Roman Signer (2006)<\/strong><br \/>Jury: Paula van den Bosch (Bonnefantenmuseum, Maastricht), Bernhard Mendes B\u00fcrgi (Kunstmuseum Basel), Veit G\u00f6rner (kestnergesellschaft, Hannover), Harald Kunde (Ludwig Forum, Aachen)<\/p><p><strong>Andreas Slominski (2004)<\/strong><br \/>Jury: Wulf Herzogenrath (Kunsthalle Bremen), Enrico Lunghi (Casino Luxembourg, Luxembourg), Britta Schmitz (Hamburger Bahnhof, Berlin), Harald Kunde (Ludwig Forum, Aachen)<\/p><p><strong>Tacita Dean (2002)<br \/><\/strong>Jury: Theodora Fischer (Laurenz Foundation, Basel), Baert de Baere (Museum voor Hedendaagse Kunst, Antwerp), Thomas Kellein (Kunsthalle Bielefeld), Harald Kunde (Ludwig Forum, Aachen)<\/p><p><strong>Michael Asher (2000)<br \/><\/strong>Jury: Saskia Bos, Carla Schulz-Hoffmann, Ulrich Loock, Wolfgang Becker<\/p><p><strong>Richard Tuttle (1998)<br \/><\/strong>Jury: Vincente Todoli, Thomas Deecke, Dieter Schwarz, Wolfgang Becker<\/p><p><strong>Katharina Fritsch (1996)<br \/><\/strong>Jury: Markus Br\u00fcderlin, Klaus Bussmann, Bice Curiger, Wolfgang Becker<\/p><p><strong>Christian Boltanski (1994)<br \/><\/strong>Jury: Suzanne Pag\u00e9, Uwe M. Schneede, Hendrik Driessen, Wolfgang Becker<\/p><p><strong>On Kawara (1992)<br \/><\/strong>Jury: Katharina Schmidt, Harald Szeemann, Jean Louis Froment, Wolfgang Becker<\/p><p><strong>Ilya Kabakov (1990)<br \/><\/strong>Jury: Maria Corral, Bernard Ceysson, Jan Hoet, Wolfgang Becker<\/p><p><strong>Richard Long (1988)<br \/><\/strong>Jury: Nicolas Serota, Kasper K\u00f6nig, Dieter Ronte, Wolfgang Becker<\/p><p><strong>A.R. Penck (1985)<br \/><\/strong>Jury: Jean-Christophe Ammann, Klaus Gallwitz, Wolfgang Becker<\/p><p><strong>Luciano Fabro (1983)<br \/><\/strong>Jury: Achille Bonito Oliva, Rudi Fuchs, Alfred Pacquement, Wolfgang Becker<\/p>\t\t\t\t\t\t\t\t<\/div>\n\t\t\t\t<\/div>\n\t\t\t\t\t<\/div>\n\t\t<\/div>\n\t\t\t\t\t<\/div>\n\t\t<\/section>\n\t\t\t\t<\/div>\n\t\t","protected":false},"excerpt":{"rendered":"<p>Art Prize Aachen from 1983 until today<\/p>\n","protected":false},"author":30,"featured_media":0,"parent":1469,"menu_order":20,"comment_status":"closed","ping_status":"closed","template":"","meta":{"_acf_changed":false,"_lmt_disableupdate":"","_lmt_disable":"","footnotes":""},"class_list":["post-1439","page","type-page","status-publish","hentry"],"acf":[],"_links":{"self":[{"href":"https:\/\/ludwigforum.de\/en\/wp-json\/wp\/v2\/pages\/1439","targetHints":{"allow":["GET"]}}],"collection":[{"href":"https:\/\/ludwigforum.de\/en\/wp-json\/wp\/v2\/pages"}],"about":[{"href":"https:\/\/ludwigforum.de\/en\/wp-json\/wp\/v2\/types\/page"}],"author":[{"embeddable":true,"href":"https:\/\/ludwigforum.de\/en\/wp-json\/wp\/v2\/users\/30"}],"replies":[{"embeddable":true,"href":"https:\/\/ludwigforum.de\/en\/wp-json\/wp\/v2\/comments?post=1439"}],"version-history":[{"count":0,"href":"https:\/\/ludwigforum.de\/en\/wp-json\/wp\/v2\/pages\/1439\/revisions"}],"up":[{"embeddable":true,"href":"https:\/\/ludwigforum.de\/en\/wp-json\/wp\/v2\/pages\/1469"}],"wp:attachment":[{"href":"https:\/\/ludwigforum.de\/en\/wp-json\/wp\/v2\/media?parent=1439"}],"curies":[{"name":"wp","href":"https:\/\/api.w.org\/{rel}","templated":true}]}}