{"id":1515,"date":"2013-10-09T09:05:02","date_gmt":"2013-10-09T07:05:02","guid":{"rendered":"http:\/\/lufomuseum.fenomen.de\/?page_id=1515"},"modified":"2021-08-18T16:44:29","modified_gmt":"2021-08-18T14:44:29","slug":"projects","status":"publish","type":"page","link":"https:\/\/ludwigforum.de\/en\/learning\/projects\/","title":{"rendered":"Projects"},"content":{"rendered":"\t\t<div data-elementor-type=\"wp-page\" data-elementor-id=\"1515\" class=\"elementor elementor-1515\" data-elementor-post-type=\"page\">\n\t\t\t\t\t\t<section class=\"elementor-section elementor-top-section elementor-element elementor-element-1e4aca39 elementor-section-boxed elementor-section-height-default elementor-section-height-default\" data-id=\"1e4aca39\" data-element_type=\"section\" data-e-type=\"section\">\n\t\t\t\t\t\t<div class=\"elementor-container elementor-column-gap-default\">\n\t\t\t\t\t<div class=\"elementor-column elementor-col-100 elementor-top-column elementor-element elementor-element-1612941c\" data-id=\"1612941c\" data-element_type=\"column\" data-e-type=\"column\">\n\t\t\t<div class=\"elementor-widget-wrap elementor-element-populated\">\n\t\t\t\t\t\t<div class=\"elementor-element elementor-element-04c17d4 elementor-widget elementor-widget-heading\" data-id=\"04c17d4\" data-element_type=\"widget\" data-e-type=\"widget\" data-widget_type=\"heading.default\">\n\t\t\t\t<div class=\"elementor-widget-container\">\n\t\t\t\t\t<h1 class=\"elementor-heading-title elementor-size-default\">Projects<\/h1>\t\t\t\t<\/div>\n\t\t\t\t<\/div>\n\t\t\t\t<div class=\"elementor-element elementor-element-11eb7b1f elementor-widget elementor-widget-text-editor\" data-id=\"11eb7b1f\" data-element_type=\"widget\" data-e-type=\"widget\" data-widget_type=\"text-editor.default\">\n\t\t\t\t<div class=\"elementor-widget-container\">\n\t\t\t\t\t\t\t\t\t<h3>Strengthening visual skills \u2013 a model workshop at the Ludwig Forum<\/h3><p>14.-18.08.2018<\/p><p>Our lives today are greatly influenced by all kinds of visual media. Images have also become a crucial aspect of communication, which is particularly susceptible to manipulation in the digital age. This makes it all the more important to learn how to interpret visual information and elements of visual language.<\/p><p><em>Seeing and understanding, experimenting and designing<\/em><\/p><p>At this scientifically accompanied workshop with children and adolescents from 10 to 12 years as part of the exhibition <em>Flashes of the Future<\/em>. As one of the first museums in Germany, the Ludwig Forum tested concepts and methods of so-called &#8220;visual literacy&#8221; for art education, which are intended to strengthen visual competencies in an action-oriented and playful way.<\/p><p>In the workshop, which was accompanied by the University of Leuven, the participants tried to find out in which different ways we can view and understand images. The children and young people then designed a game or a machine that helps us to give meaning to images.<\/p><p><a href=\"https:\/\/ludwigforum.de\/wp-content\/uploads\/2018\/08\/IMG_1176_web.jpg\"><img fetchpriority=\"high\" decoding=\"async\" class=\"alignnone wp-image-13491 size-medium\" src=\"https:\/\/ludwigforum.de\/wp-content\/uploads\/2018\/08\/IMG_1176_web-300x283.jpg\" alt=\"Foto: Ludwig Forum Aachen\" width=\"300\" height=\"283\" srcset=\"https:\/\/ludwigforum.de\/wp-content\/uploads\/2018\/08\/IMG_1176_web-300x283.jpg 300w, https:\/\/ludwigforum.de\/wp-content\/uploads\/2018\/08\/IMG_1176_web-768x723.jpg 768w, https:\/\/ludwigforum.de\/wp-content\/uploads\/2018\/08\/IMG_1176_web.jpg 1000w\" sizes=\"(max-width: 300px) 100vw, 300px\" \/><\/a><\/p><p><a href=\"https:\/\/ludwigforum.de\/wp-content\/uploads\/2018\/08\/IMG_1239_web.jpg\"><img decoding=\"async\" class=\"alignnone wp-image-13493 size-medium\" src=\"https:\/\/ludwigforum.de\/wp-content\/uploads\/2018\/08\/IMG_1239_web-300x194.jpg\" alt=\"Foto: Ludwig Forum Aachen\" width=\"300\" height=\"194\" srcset=\"https:\/\/ludwigforum.de\/wp-content\/uploads\/2018\/08\/IMG_1239_web-300x194.jpg 300w, https:\/\/ludwigforum.de\/wp-content\/uploads\/2018\/08\/IMG_1239_web-768x495.jpg 768w, https:\/\/ludwigforum.de\/wp-content\/uploads\/2018\/08\/IMG_1239_web.jpg 1000w\" sizes=\"(max-width: 300px) 100vw, 300px\" \/><\/a><\/p><p>This workshop is part of a cooperation between the Ludwig Forum, the Research Institute for Work and Society (HIVA) and the Research Group Meaningful Interactions Lab (Mintlab) of KU Leuven &#8211; with the kind support of the Flemish Region.<\/p><p><a href=\"https:\/\/ludwigforum.de\/wp-content\/uploads\/2018\/03\/vl_logos.jpg\"><img decoding=\"async\" class=\"alignnone wp-image-11492 size-medium\" src=\"https:\/\/ludwigforum.de\/wp-content\/uploads\/2018\/03\/vl_logos-300x53.jpg\" alt=\"\" width=\"300\" height=\"53\" srcset=\"https:\/\/ludwigforum.de\/wp-content\/uploads\/2018\/03\/vl_logos-300x53.jpg 300w, https:\/\/ludwigforum.de\/wp-content\/uploads\/2018\/03\/vl_logos.jpg 568w\" sizes=\"(max-width: 300px) 100vw, 300px\" \/><\/a><\/p><p><strong>Young people in your art museum<\/strong><br \/><strong>How to create opportunities for visual learning?<\/strong><\/p><p>This poster is part of the RETINA research project that took place in 2018. The aim of the project was to support art and design museums in defining strategies to make them more attractive for the hard-to-reach audience of young people (age 10-14). More specifically, the research explored opportunities to support the visual literacy competences of young people in museums. This was done by organizing co-design workshops with over 40 young people in museums in Belgium and abroad. The results of the project are summarized on both sides of this poster.<\/p><p><a href=\"https:\/\/ludwigforum.de\/wp-content\/uploads\/2019\/02\/poster_vl_v.jpg\"><img loading=\"lazy\" decoding=\"async\" class=\"alignleft size-medium wp-image-14518\" src=\"https:\/\/ludwigforum.de\/wp-content\/uploads\/2019\/02\/poster_vl_v.jpg\" alt=\"\" width=\"300\" height=\"214\" srcset=\"https:\/\/ludwigforum.de\/wp-content\/uploads\/2019\/02\/poster_vl_v.jpg 1600w, https:\/\/ludwigforum.de\/wp-content\/uploads\/2019\/02\/poster_vl_v-300x214.jpg 300w, https:\/\/ludwigforum.de\/wp-content\/uploads\/2019\/02\/poster_vl_v-768x549.jpg 768w, https:\/\/ludwigforum.de\/wp-content\/uploads\/2019\/02\/poster_vl_v-1024x732.jpg 1024w, https:\/\/ludwigforum.de\/wp-content\/uploads\/2019\/02\/poster_vl_v-160x114.jpg 160w, https:\/\/ludwigforum.de\/wp-content\/uploads\/2019\/02\/poster_vl_v-340x243.jpg 340w, https:\/\/ludwigforum.de\/wp-content\/uploads\/2019\/02\/poster_vl_v-220x157.jpg 220w, https:\/\/ludwigforum.de\/wp-content\/uploads\/2019\/02\/poster_vl_v-700x500.jpg 700w, https:\/\/ludwigforum.de\/wp-content\/uploads\/2019\/02\/poster_vl_v-460x329.jpg 460w\" sizes=\"(max-width: 300px) 100vw, 300px\" \/><\/a><a href=\"https:\/\/ludwigforum.de\/wp-content\/uploads\/2019\/02\/poster_vl_r.jpg\"><img loading=\"lazy\" decoding=\"async\" class=\"alignleft size-medium wp-image-14520\" src=\"https:\/\/ludwigforum.de\/wp-content\/uploads\/2019\/02\/poster_vl_r.jpg\" alt=\"\" width=\"300\" height=\"214\" srcset=\"https:\/\/ludwigforum.de\/wp-content\/uploads\/2019\/02\/poster_vl_r.jpg 1600w, https:\/\/ludwigforum.de\/wp-content\/uploads\/2019\/02\/poster_vl_r-300x214.jpg 300w, https:\/\/ludwigforum.de\/wp-content\/uploads\/2019\/02\/poster_vl_r-768x549.jpg 768w, https:\/\/ludwigforum.de\/wp-content\/uploads\/2019\/02\/poster_vl_r-1024x732.jpg 1024w, https:\/\/ludwigforum.de\/wp-content\/uploads\/2019\/02\/poster_vl_r-160x114.jpg 160w, https:\/\/ludwigforum.de\/wp-content\/uploads\/2019\/02\/poster_vl_r-340x243.jpg 340w, https:\/\/ludwigforum.de\/wp-content\/uploads\/2019\/02\/poster_vl_r-220x157.jpg 220w, https:\/\/ludwigforum.de\/wp-content\/uploads\/2019\/02\/poster_vl_r-700x500.jpg 700w, https:\/\/ludwigforum.de\/wp-content\/uploads\/2019\/02\/poster_vl_r-460x329.jpg 460w\" sizes=\"(max-width: 300px) 100vw, 300px\" \/><\/a><\/p><hr \/><h3>Kombinatorium \u2013 a game of ideas<\/h3><p>In frame of the exhibition \u201eNancy Graves Project &amp; Special Guests\u201c (13.10.13\u201316.02.14)<\/p><p>In her art Nancy Graves challenges the boundaries usually drawn between abstraction and the figurative, between natural sciences, imagination, and cultural history. We take up the questions she poses and invite you to take part in this game of ideas. Unusual relationships and connections can be formed from a collection of materials. Familiar categories are set in motion through new combinations. Create your own chart and present it in a joint exhibition.<\/p><p><img loading=\"lazy\" decoding=\"async\" class=\"alignnone wp-image-11110 size-full\" src=\"https:\/\/ludwigforum.de\/wp-content\/uploads\/2018\/01\/kombinatorium-web-460x3061-2.jpg\" alt=\"\" width=\"460\" height=\"306\" srcset=\"https:\/\/ludwigforum.de\/wp-content\/uploads\/2018\/01\/kombinatorium-web-460x3061-2.jpg 460w, https:\/\/ludwigforum.de\/wp-content\/uploads\/2018\/01\/kombinatorium-web-460x3061-2-300x200.jpg 300w, https:\/\/ludwigforum.de\/wp-content\/uploads\/2018\/01\/kombinatorium-web-460x3061-2-160x106.jpg 160w, https:\/\/ludwigforum.de\/wp-content\/uploads\/2018\/01\/kombinatorium-web-460x3061-2-340x226.jpg 340w, https:\/\/ludwigforum.de\/wp-content\/uploads\/2018\/01\/kombinatorium-web-460x3061-2-220x146.jpg 220w\" sizes=\"(max-width: 460px) 100vw, 460px\" \/><\/p><p><img loading=\"lazy\" decoding=\"async\" class=\"alignnone wp-image-11112\" src=\"https:\/\/ludwigforum.de\/wp-content\/uploads\/2018\/01\/7-Foto-Ludwig-Forum-Aachen.jpg\" alt=\"\" width=\"460\" height=\"307\" srcset=\"https:\/\/ludwigforum.de\/wp-content\/uploads\/2018\/01\/7-Foto-Ludwig-Forum-Aachen.jpg 2080w, https:\/\/ludwigforum.de\/wp-content\/uploads\/2018\/01\/7-Foto-Ludwig-Forum-Aachen-300x200.jpg 300w, https:\/\/ludwigforum.de\/wp-content\/uploads\/2018\/01\/7-Foto-Ludwig-Forum-Aachen-768x512.jpg 768w, https:\/\/ludwigforum.de\/wp-content\/uploads\/2018\/01\/7-Foto-Ludwig-Forum-Aachen-1024x683.jpg 1024w, https:\/\/ludwigforum.de\/wp-content\/uploads\/2018\/01\/7-Foto-Ludwig-Forum-Aachen-160x107.jpg 160w, https:\/\/ludwigforum.de\/wp-content\/uploads\/2018\/01\/7-Foto-Ludwig-Forum-Aachen-340x227.jpg 340w, https:\/\/ludwigforum.de\/wp-content\/uploads\/2018\/01\/7-Foto-Ludwig-Forum-Aachen-220x147.jpg 220w, https:\/\/ludwigforum.de\/wp-content\/uploads\/2018\/01\/7-Foto-Ludwig-Forum-Aachen-700x467.jpg 700w, https:\/\/ludwigforum.de\/wp-content\/uploads\/2018\/01\/7-Foto-Ludwig-Forum-Aachen-460x307.jpg 460w\" sizes=\"(max-width: 460px) 100vw, 460px\" \/><\/p><p><img loading=\"lazy\" decoding=\"async\" class=\"size-full wp-image-11115 alignnone\" src=\"https:\/\/ludwigforum.de\/wp-content\/uploads\/2018\/01\/1311_NancyG-1848-3.jpg\" alt=\"\" width=\"460\" height=\"307\" srcset=\"https:\/\/ludwigforum.de\/wp-content\/uploads\/2018\/01\/1311_NancyG-1848-3.jpg 460w, https:\/\/ludwigforum.de\/wp-content\/uploads\/2018\/01\/1311_NancyG-1848-3-300x200.jpg 300w, https:\/\/ludwigforum.de\/wp-content\/uploads\/2018\/01\/1311_NancyG-1848-3-160x107.jpg 160w, https:\/\/ludwigforum.de\/wp-content\/uploads\/2018\/01\/1311_NancyG-1848-3-340x227.jpg 340w, https:\/\/ludwigforum.de\/wp-content\/uploads\/2018\/01\/1311_NancyG-1848-3-220x147.jpg 220w\" sizes=\"(max-width: 460px) 100vw, 460px\" \/><\/p><p><img loading=\"lazy\" decoding=\"async\" class=\"size-full wp-image-11117 alignnone\" src=\"https:\/\/ludwigforum.de\/wp-content\/uploads\/2018\/01\/1311_NancyG-1745-4.jpg\" alt=\"\" width=\"460\" height=\"307\" srcset=\"https:\/\/ludwigforum.de\/wp-content\/uploads\/2018\/01\/1311_NancyG-1745-4.jpg 460w, https:\/\/ludwigforum.de\/wp-content\/uploads\/2018\/01\/1311_NancyG-1745-4-300x200.jpg 300w, https:\/\/ludwigforum.de\/wp-content\/uploads\/2018\/01\/1311_NancyG-1745-4-160x107.jpg 160w, https:\/\/ludwigforum.de\/wp-content\/uploads\/2018\/01\/1311_NancyG-1745-4-340x227.jpg 340w, https:\/\/ludwigforum.de\/wp-content\/uploads\/2018\/01\/1311_NancyG-1745-4-220x147.jpg 220w\" sizes=\"(max-width: 460px) 100vw, 460px\" \/><\/p><p>Project manager: Karoline Schr\u00f6der + Petra Kather.<\/p><hr \/><h2>\u00a0<\/h2><h3>Inclusive workshop with Artur Zmijewski<\/h3><p>10.-17.05.2013<br \/>In a number of his works Artur \u017bmijewski focusses on disabilities and the way society deals with people with disabilities. His latest film \u201cSelf-portrait\u201d (2013, 13\u201953\u201d, DV) originated in 2013 during a workshop at the Ludwig Forum. Under the Polish artist\u2019s guidance, people with and without disabilities created an ensemble of sculptures together, which stands in the Ludwig Forum Park.<\/p><p><img loading=\"lazy\" decoding=\"async\" class=\"size-full wp-image-11104 alignnone\" src=\"https:\/\/ludwigforum.de\/wp-content\/uploads\/2018\/01\/6-courtesy-Ludwig-Forum-Aachen-2.jpg\" alt=\"\" width=\"460\" height=\"306\" srcset=\"https:\/\/ludwigforum.de\/wp-content\/uploads\/2018\/01\/6-courtesy-Ludwig-Forum-Aachen-2.jpg 460w, https:\/\/ludwigforum.de\/wp-content\/uploads\/2018\/01\/6-courtesy-Ludwig-Forum-Aachen-2-300x200.jpg 300w, https:\/\/ludwigforum.de\/wp-content\/uploads\/2018\/01\/6-courtesy-Ludwig-Forum-Aachen-2-160x106.jpg 160w, https:\/\/ludwigforum.de\/wp-content\/uploads\/2018\/01\/6-courtesy-Ludwig-Forum-Aachen-2-340x226.jpg 340w, https:\/\/ludwigforum.de\/wp-content\/uploads\/2018\/01\/6-courtesy-Ludwig-Forum-Aachen-2-220x146.jpg 220w\" sizes=\"(max-width: 460px) 100vw, 460px\" \/><\/p><p><img loading=\"lazy\" decoding=\"async\" class=\"size-full wp-image-11106 alignnone\" src=\"https:\/\/ludwigforum.de\/wp-content\/uploads\/2018\/01\/7-courtesy-Ludwig-Forum-Aachen-3.jpg\" alt=\"\" width=\"460\" height=\"306\" srcset=\"https:\/\/ludwigforum.de\/wp-content\/uploads\/2018\/01\/7-courtesy-Ludwig-Forum-Aachen-3.jpg 460w, https:\/\/ludwigforum.de\/wp-content\/uploads\/2018\/01\/7-courtesy-Ludwig-Forum-Aachen-3-300x200.jpg 300w, https:\/\/ludwigforum.de\/wp-content\/uploads\/2018\/01\/7-courtesy-Ludwig-Forum-Aachen-3-160x106.jpg 160w, https:\/\/ludwigforum.de\/wp-content\/uploads\/2018\/01\/7-courtesy-Ludwig-Forum-Aachen-3-340x226.jpg 340w, https:\/\/ludwigforum.de\/wp-content\/uploads\/2018\/01\/7-courtesy-Ludwig-Forum-Aachen-3-220x146.jpg 220w\" sizes=\"(max-width: 460px) 100vw, 460px\" \/><\/p><p>Curated by Miriam Lowack and Holger Otten.<br \/>Thanks to: Christa Pitz-D\u00f6hler, Leitung Haus Wiesental, Lebenshilfe Aachen, Benjamin Wagner, Sozialarbeiter Haus Wiesental, Lebenshilfe Aachen, Ilona Markiewicz, Sozialarbeiterin Haus Wiesental, Lebenshilfe Aachen, Alfons Knogl, K\u00fcnstler, Carl Brunn, Fotograf, Nicole Meyer, stadtteilb\u00fcro aachen nord, Maike Beckers, Koordinatorin WIR ALLE \u2013 Gemeinsam leben in Aachen-Nord, Bj\u00f6rn Spangenberg, Lebenshilfe Aachen, Jennifer Menzlaff, Lebenshilfe Aachen, Anna Gasch, Lebenshilfe Aachen, Meehsen Metall-S\u00e4gezuschnitte, W\u00fcrselen, Schmiedewerk Andreas G\u00fcldenberg, W\u00fcrselen<\/p><p>In cooperation with: Lebenshilfe Aachen, Haus Wiesental, WIR ALLE. Gemeinsam in Aachen-Nord, Aktion Mensch<\/p><p>Supported by:<\/p><p><img loading=\"lazy\" decoding=\"async\" class=\"alignleft size-full wp-image-11101\" src=\"https:\/\/ludwigforum.de\/wp-content\/uploads\/2018\/01\/Logoleiste_farbe.jpg\" alt=\"\" width=\"2460\" height=\"289\" srcset=\"https:\/\/ludwigforum.de\/wp-content\/uploads\/2018\/01\/Logoleiste_farbe.jpg 2460w, https:\/\/ludwigforum.de\/wp-content\/uploads\/2018\/01\/Logoleiste_farbe-300x35.jpg 300w, https:\/\/ludwigforum.de\/wp-content\/uploads\/2018\/01\/Logoleiste_farbe-768x90.jpg 768w, https:\/\/ludwigforum.de\/wp-content\/uploads\/2018\/01\/Logoleiste_farbe-1024x120.jpg 1024w, https:\/\/ludwigforum.de\/wp-content\/uploads\/2018\/01\/Logoleiste_farbe-160x19.jpg 160w, https:\/\/ludwigforum.de\/wp-content\/uploads\/2018\/01\/Logoleiste_farbe-340x40.jpg 340w, https:\/\/ludwigforum.de\/wp-content\/uploads\/2018\/01\/Logoleiste_farbe-220x26.jpg 220w, https:\/\/ludwigforum.de\/wp-content\/uploads\/2018\/01\/Logoleiste_farbe-700x82.jpg 700w, https:\/\/ludwigforum.de\/wp-content\/uploads\/2018\/01\/Logoleiste_farbe-460x54.jpg 460w\" sizes=\"(max-width: 2460px) 100vw, 2460px\" \/><\/p><hr \/><p><a href=\"https:\/\/ludwigforum.de\/lernen\/projekte\/\" target=\"_blank\" rel=\"noopener\">Further projects in German<\/a><\/p>\t\t\t\t\t\t\t\t<\/div>\n\t\t\t\t<\/div>\n\t\t\t\t\t<\/div>\n\t\t<\/div>\n\t\t\t\t\t<\/div>\n\t\t<\/section>\n\t\t\t\t<\/div>\n\t\t","protected":false},"excerpt":{"rendered":"<p>Projects<\/p>\n","protected":false},"author":30,"featured_media":2092,"parent":1758,"menu_order":23,"comment_status":"closed","ping_status":"closed","template":"","meta":{"_acf_changed":false,"_lmt_disableupdate":"","_lmt_disable":"","footnotes":""},"class_list":["post-1515","page","type-page","status-publish","has-post-thumbnail","hentry"],"acf":[],"_links":{"self":[{"href":"https:\/\/ludwigforum.de\/en\/wp-json\/wp\/v2\/pages\/1515","targetHints":{"allow":["GET"]}}],"collection":[{"href":"https:\/\/ludwigforum.de\/en\/wp-json\/wp\/v2\/pages"}],"about":[{"href":"https:\/\/ludwigforum.de\/en\/wp-json\/wp\/v2\/types\/page"}],"author":[{"embeddable":true,"href":"https:\/\/ludwigforum.de\/en\/wp-json\/wp\/v2\/users\/30"}],"replies":[{"embeddable":true,"href":"https:\/\/ludwigforum.de\/en\/wp-json\/wp\/v2\/comments?post=1515"}],"version-history":[{"count":0,"href":"https:\/\/ludwigforum.de\/en\/wp-json\/wp\/v2\/pages\/1515\/revisions"}],"up":[{"embeddable":true,"href":"https:\/\/ludwigforum.de\/en\/wp-json\/wp\/v2\/pages\/1758"}],"wp:featuredmedia":[{"embeddable":true,"href":"https:\/\/ludwigforum.de\/en\/wp-json\/wp\/v2\/media\/2092"}],"wp:attachment":[{"href":"https:\/\/ludwigforum.de\/en\/wp-json\/wp\/v2\/media?parent=1515"}],"curies":[{"name":"wp","href":"https:\/\/api.w.org\/{rel}","templated":true}]}}