{"id":1688,"date":"2012-08-29T18:57:15","date_gmt":"2012-08-29T16:57:15","guid":{"rendered":"http:\/\/lufomuseum.fenomen.de\/?page_id=1688"},"modified":"2021-11-08T12:29:15","modified_gmt":"2021-11-08T11:29:15","slug":"architecture","status":"publish","type":"page","link":"https:\/\/ludwigforum.de\/en\/museum\/architecture\/","title":{"rendered":"Architecture"},"content":{"rendered":"\t\t<div data-elementor-type=\"wp-page\" data-elementor-id=\"1688\" class=\"elementor elementor-1688\" data-elementor-post-type=\"page\">\n\t\t\t\t\t\t<section class=\"elementor-section elementor-top-section elementor-element elementor-element-475d4263 elementor-section-boxed elementor-section-height-default elementor-section-height-default\" data-id=\"475d4263\" data-element_type=\"section\" data-e-type=\"section\">\n\t\t\t\t\t\t<div class=\"elementor-container elementor-column-gap-default\">\n\t\t\t\t\t<div class=\"elementor-column elementor-col-100 elementor-top-column elementor-element elementor-element-68e89fcd\" data-id=\"68e89fcd\" data-element_type=\"column\" data-e-type=\"column\">\n\t\t\t<div class=\"elementor-widget-wrap elementor-element-populated\">\n\t\t\t\t\t\t<div class=\"elementor-element elementor-element-8023cb5 elementor-widget elementor-widget-heading\" data-id=\"8023cb5\" data-element_type=\"widget\" data-e-type=\"widget\" data-widget_type=\"heading.default\">\n\t\t\t\t<div class=\"elementor-widget-container\">\n\t\t\t\t\t<h2 class=\"elementor-heading-title elementor-size-default\">Architecture<\/h2>\t\t\t\t<\/div>\n\t\t\t\t<\/div>\n\t\t\t\t<div class=\"elementor-element elementor-element-7417cd1 elementor-widget elementor-widget-image\" data-id=\"7417cd1\" data-element_type=\"widget\" data-e-type=\"widget\" data-widget_type=\"image.default\">\n\t\t\t\t<div class=\"elementor-widget-container\">\n\t\t\t\t\t\t\t\t\t\t\t\t\t\t\t<img fetchpriority=\"high\" decoding=\"async\" width=\"1024\" height=\"706\" src=\"https:\/\/ludwigforum.de\/wp-content\/uploads\/2020\/03\/Ludwig-Forum-f\u00fcr-Internationale-Kunst-Aachen.-Foto-Carl-Bru_2-1024x706.jpg\" class=\"attachment-large size-large wp-image-16615\" alt=\"Au\u00dfenansicht des Ludwig Forum f\u00fcr Internationale Kunst in Aachen am 25. Mai 2017 \/ Foto: Carl Brunn\" srcset=\"https:\/\/ludwigforum.de\/wp-content\/uploads\/2020\/03\/Ludwig-Forum-f\u00fcr-Internationale-Kunst-Aachen.-Foto-Carl-Bru_2-1024x706.jpg 1024w, https:\/\/ludwigforum.de\/wp-content\/uploads\/2020\/03\/Ludwig-Forum-f\u00fcr-Internationale-Kunst-Aachen.-Foto-Carl-Bru_2-300x207.jpg 300w, https:\/\/ludwigforum.de\/wp-content\/uploads\/2020\/03\/Ludwig-Forum-f\u00fcr-Internationale-Kunst-Aachen.-Foto-Carl-Bru_2-768x530.jpg 768w, https:\/\/ludwigforum.de\/wp-content\/uploads\/2020\/03\/Ludwig-Forum-f\u00fcr-Internationale-Kunst-Aachen.-Foto-Carl-Bru_2-160x110.jpg 160w, https:\/\/ludwigforum.de\/wp-content\/uploads\/2020\/03\/Ludwig-Forum-f\u00fcr-Internationale-Kunst-Aachen.-Foto-Carl-Bru_2-340x234.jpg 340w, https:\/\/ludwigforum.de\/wp-content\/uploads\/2020\/03\/Ludwig-Forum-f\u00fcr-Internationale-Kunst-Aachen.-Foto-Carl-Bru_2-220x152.jpg 220w, https:\/\/ludwigforum.de\/wp-content\/uploads\/2020\/03\/Ludwig-Forum-f\u00fcr-Internationale-Kunst-Aachen.-Foto-Carl-Bru_2-700x483.jpg 700w, https:\/\/ludwigforum.de\/wp-content\/uploads\/2020\/03\/Ludwig-Forum-f\u00fcr-Internationale-Kunst-Aachen.-Foto-Carl-Bru_2-460x317.jpg 460w\" sizes=\"(max-width: 1024px) 100vw, 1024px\" title=\"Au\u00dfenansicht des Ludwig Forum f\u00fcr Internationale Kunst in Aachen am 25. Mai 2017 \/ Foto: Carl Brunn\" \/>\t\t\t\t\t\t\t\t\t\t\t\t\t\t\t<\/div>\n\t\t\t\t<\/div>\n\t\t\t\t<div class=\"elementor-element elementor-element-5d72fac5 elementor-widget elementor-widget-text-editor\" data-id=\"5d72fac5\" data-element_type=\"widget\" data-e-type=\"widget\" data-widget_type=\"text-editor.default\">\n\t\t\t\t<div class=\"elementor-widget-container\">\n\t\t\t\t\t\t\t\t\t<p>In spring 1991, the Ludwig Collection moved from the <em>Neue Galerie<\/em> in the Altes Kurhaus on Komphausbadstra\u00dfe to the former factory building on the corner of J\u00fclicher Stra\u00dfe and Lombardenstra\u00dfe. Since then, the Museum has been called <em>Ludwig Forum f\u00fcr Internationale Kunst<\/em>. The building was designed in 1928 by the Aachen architect Josef Bachmann and initially housed Europe&#8217;s largest umbrella factory, the <em>Schirmfabrik Emil Brauer<\/em>. At peak times, around 10,000 umbrellas were produced here every day, which were shipped all over the world.<\/p><p>The typical characteristics of the Bauhaus-style factory building and later museum include the rounding of the corner boundary, the veneering of the reinforced concrete skeleton construction with yellow and red clinker bricks, and the play with basic geometric shapes, such as the round window above the former main entrance and the window areas divided into rectangles.<\/p><p>Over the decades, the workforce of the Brauer company had shrunk from up to 1,000 employees in the boom years to around 100 due to the progressive use of technology in production. In 1988, the Emil Brauer company was forced to abandon the building in J\u00fclicher Stra\u00dfe, as an urgently needed expansion was not possible for reasons of historic preservation.<\/p><p>The city of Aachen bought the umbrella factory and the nursery behind it and had the building converted and expanded into a museum by the Aachen architectural office of Professor Fritz Eller. The two-story framing of the 3,000-square-meter Sheddachhalle, which was three stories high on J\u00fclicher Strasse, was gutted and transformed into varied, largely multi-story exhibition spaces. The framework of the skeleton building remained clearly recognizable.<\/p><p>Since 1991, the <em>Ludwig Forum<\/em> on J\u00fclicher Stra\u00dfe has established itself not only in the region but also nationally and internationally as a house of contemporary art and culture.<\/p>\t\t\t\t\t\t\t\t<\/div>\n\t\t\t\t<\/div>\n\t\t\t\t\t<\/div>\n\t\t<\/div>\n\t\t\t\t\t<\/div>\n\t\t<\/section>\n\t\t\t\t<\/div>\n\t\t","protected":false},"excerpt":{"rendered":"<p>The former umbrella factory<\/p>\n","protected":false},"author":30,"featured_media":692,"parent":1469,"menu_order":15,"comment_status":"closed","ping_status":"closed","template":"","meta":{"_acf_changed":false,"_lmt_disableupdate":"","_lmt_disable":"","footnotes":""},"class_list":["post-1688","page","type-page","status-publish","has-post-thumbnail","hentry"],"acf":[],"_links":{"self":[{"href":"https:\/\/ludwigforum.de\/en\/wp-json\/wp\/v2\/pages\/1688","targetHints":{"allow":["GET"]}}],"collection":[{"href":"https:\/\/ludwigforum.de\/en\/wp-json\/wp\/v2\/pages"}],"about":[{"href":"https:\/\/ludwigforum.de\/en\/wp-json\/wp\/v2\/types\/page"}],"author":[{"embeddable":true,"href":"https:\/\/ludwigforum.de\/en\/wp-json\/wp\/v2\/users\/30"}],"replies":[{"embeddable":true,"href":"https:\/\/ludwigforum.de\/en\/wp-json\/wp\/v2\/comments?post=1688"}],"version-history":[{"count":0,"href":"https:\/\/ludwigforum.de\/en\/wp-json\/wp\/v2\/pages\/1688\/revisions"}],"up":[{"embeddable":true,"href":"https:\/\/ludwigforum.de\/en\/wp-json\/wp\/v2\/pages\/1469"}],"wp:featuredmedia":[{"embeddable":true,"href":"https:\/\/ludwigforum.de\/en\/wp-json\/wp\/v2\/media\/692"}],"wp:attachment":[{"href":"https:\/\/ludwigforum.de\/en\/wp-json\/wp\/v2\/media?parent=1688"}],"curies":[{"name":"wp","href":"https:\/\/api.w.org\/{rel}","templated":true}]}}