{"id":625,"date":"2012-08-29T18:57:34","date_gmt":"2012-08-29T16:57:34","guid":{"rendered":"http:\/\/lufomuseum.fenomen.de\/?page_id=625"},"modified":"2021-11-08T11:40:33","modified_gmt":"2021-11-08T10:40:33","slug":"imprint","status":"publish","type":"page","link":"https:\/\/ludwigforum.de\/en\/imprint\/","title":{"rendered":"Imprint"},"content":{"rendered":"\t\t<div data-elementor-type=\"wp-page\" data-elementor-id=\"625\" class=\"elementor elementor-625\" data-elementor-post-type=\"page\">\n\t\t\t\t\t\t<section class=\"elementor-section elementor-top-section elementor-element elementor-element-5c39c1d6 elementor-section-boxed elementor-section-height-default elementor-section-height-default\" data-id=\"5c39c1d6\" data-element_type=\"section\" data-e-type=\"section\">\n\t\t\t\t\t\t<div class=\"elementor-container elementor-column-gap-default\">\n\t\t\t\t\t<div class=\"elementor-column elementor-col-100 elementor-top-column elementor-element elementor-element-df07c8a\" data-id=\"df07c8a\" data-element_type=\"column\" data-e-type=\"column\">\n\t\t\t<div class=\"elementor-widget-wrap elementor-element-populated\">\n\t\t\t\t\t\t<div class=\"elementor-element elementor-element-19468661 elementor-widget elementor-widget-text-editor\" data-id=\"19468661\" data-element_type=\"widget\" data-e-type=\"widget\" data-widget_type=\"text-editor.default\">\n\t\t\t\t<div class=\"elementor-widget-container\">\n\t\t\t\t\t\t\t\t\t<p>City of Aachen<br \/>The Lord Mayor<\/p><p>Ludwig Forum<br \/>f\u00fcr Internationale Kunst<br \/>J\u00fclicher Stra\u00dfe 97-109<br \/>52070 Aachen<br \/>Tel.: +49 (0) 241 \/ 1807-104<br \/>Fax: +49 (0) 241 \/ 1807-101<br \/><a href=\"mailto:info@ludwigforum.de\">info@ludwigforum.de<\/a><\/p><p>VAT-ID-No.:<br \/>DE 121 68 98 15<\/p><p>Responsible for content:<\/p><p>Nadine Jungblut<br \/>Online Editorial Team of the City of Aachen<br \/><a href=\"mailto:nadine.jungblut@mail.aachen.de\">nadine.jungblut@mail.aachen.de<br \/><\/a><a href=\"mailto:onlineredaktion@mail.aachen.de\">onlineredaktion@mail.aachen.de<\/a><\/p><p><strong>Design<\/strong><\/p><address>wesentlich. visuelle kommunikation<\/address><address>Directors: Andreas Gartz, Saskia Petermann<\/address><address>Alfonsstra\u00dfe 44. c\/o Kloster St. Alfons, 52070 Aachen<\/address><address>Tel. +49 241 559 729 4 | <a href=\"mailto:info@wesentlich.com\">info@wesentlich.com<\/a><\/address><p><strong>Technical implementation \/ Hosting<\/strong><\/p><p>regio iT<br \/>gesellschaft f\u00fcr informationstechnologie mbh<br \/><a href=\"mailto:info@regioit-aachen.de\">info@regioit-aachen.de<\/a><br \/>www.regioit-aachen.de<\/p><p><strong>Image credits<\/strong><\/p><p>Ludwig Forum for International Art<br \/>VG Bild-Kunst, Bonn<br \/>ARS, NY for Andy Warhol<br \/>The authors and owners of rights to images and texts<br \/>All rights reserved.<\/p>\t\t\t\t\t\t\t\t<\/div>\n\t\t\t\t<\/div>\n\t\t\t\t\t<\/div>\n\t\t<\/div>\n\t\t\t\t\t<\/div>\n\t\t<\/section>\n\t\t\t\t<\/div>\n\t\t","protected":false},"excerpt":{"rendered":"<p>City of AachenThe Lord Mayor Ludwig Forumf\u00fcr Internationale KunstJ\u00fclicher Stra\u00dfe 97-10952070 AachenTel.: +49 (0) 241 \/ 1807-104Fax: +49 (0) 241 \/ 1807-101info@ludwigforum.de VAT-ID-No.:DE 121 68 98 15 Responsible for content: [&hellip;]<\/p>\n","protected":false},"author":30,"featured_media":0,"parent":0,"menu_order":45,"comment_status":"closed","ping_status":"closed","template":"","meta":{"_acf_changed":false,"_lmt_disableupdate":"","_lmt_disable":"","footnotes":""},"class_list":["post-625","page","type-page","status-publish","hentry"],"acf":[],"_links":{"self":[{"href":"https:\/\/ludwigforum.de\/en\/wp-json\/wp\/v2\/pages\/625","targetHints":{"allow":["GET"]}}],"collection":[{"href":"https:\/\/ludwigforum.de\/en\/wp-json\/wp\/v2\/pages"}],"about":[{"href":"https:\/\/ludwigforum.de\/en\/wp-json\/wp\/v2\/types\/page"}],"author":[{"embeddable":true,"href":"https:\/\/ludwigforum.de\/en\/wp-json\/wp\/v2\/users\/30"}],"replies":[{"embeddable":true,"href":"https:\/\/ludwigforum.de\/en\/wp-json\/wp\/v2\/comments?post=625"}],"version-history":[{"count":0,"href":"https:\/\/ludwigforum.de\/en\/wp-json\/wp\/v2\/pages\/625\/revisions"}],"wp:attachment":[{"href":"https:\/\/ludwigforum.de\/en\/wp-json\/wp\/v2\/media?parent=625"}],"curies":[{"name":"wp","href":"https:\/\/api.w.org\/{rel}","templated":true}]}}